{"id":336,"date":"2021-02-23T08:38:21","date_gmt":"2021-02-23T07:38:21","guid":{"rendered":"https:\/\/robotpiscinakaptur.clak.it\/?post_type=product&#038;p=336"},"modified":"2024-02-22T20:40:15","modified_gmt":"2024-02-22T19:40:15","slug":"robot-piscina-dolphin-pro-x7","status":"publish","type":"product","link":"https:\/\/robotpiscinakaptur.clak.it\/?product=robot-piscina-dolphin-pro-x7","title":{"rendered":"Robot piscina Dolphin PRO-X7"},"content":{"rendered":"","protected":false},"excerpt":{"rendered":"<p><strong>Il pulitore automatico per piscine pubbliche fino a 25 metri<\/strong><\/p>\n<p style=\"text-align: left;\"><strong>Dolphin PRO-X7<\/strong> \u00e8 un pulitore robotico per piscine commerciali facile da usare e da pulire.<br \/>\nDotato di una tecnologia avanzata con sistema di autoapprendimento intelligente e direzione automatica, il robot\u00a0 <strong>Dolphin PRO-X7<\/strong>PRO-X7 \u00e8 un pulitore versatile che pu\u00f2 essere utilizzato in piscine di diverse forme, profondit\u00e0 e dimensioni fino a 25 metri. Grazie a questa tecnologia, il pulitore pu\u00f2 adattarsi in modo ottimale alle specifiche caratteristiche della piscina, assicurando una pulizia completa ed efficace.<br \/>\n<strong>Dolphin Pro-X7<\/strong> \u00e8 il robot pulitore ideale per tutte le piscine del vostro impianto natatorio.<\/p>\n<p style=\"text-align: left;\"><strong>Caratteristiche e funzionalit\u00e0<br \/>\n<\/strong>\u2022 Ciclo di lavoro 4 \/ 5 \/ 6 ore<br \/>\n\u2022 Lunghezza Cavo 35 m<br \/>\n\u2022 Snodo \u201cSwivel\u201d previene gli attorcigliamenti del cavo<br \/>\n\u2022 Livello di filtrazione con cartuccia, 100 micron<br \/>\n\u2022 Capacit\u00e0 di aspirazione 20 m3\/h<br \/>\n\u2022 Telecomando per i programmi di pulizia<br \/>\n\u2022 Spazzole in PVC<br \/>\n\u2022 Carrello di trasporto incluso<br \/>\n\u2022 Garanzia 24 mesi<\/p>\n<p>&nbsp;<\/p>\n","protected":false},"featured_media":415,"template":"","meta":[],"product_brand":[],"product_cat":[15],"product_tag":[],"class_list":{"0":"post-336","1":"product","2":"type-product","3":"status-publish","4":"has-post-thumbnail","6":"product_cat-robot-per-piscine-pubbliche","8":"first","9":"instock","10":"shipping-taxable","11":"product-type-simple"},"yoast_head":"<!-- This site is optimized with the Yoast SEO plugin v27.5 - https:\/\/yoast.com\/product\/yoast-seo-wordpress\/ -->\n<title>robot-piscina-dolphin-pro-x<\/title>\n<meta name=\"description\" content=\"Il robot pulitore per piscine pubbliche fino a 30 metri con il rivoluzionario sistema di autoapprendimento facile da usare e semplice da pulire.\" \/>\n<meta name=\"robots\" content=\"index, follow, max-snippet:-1, max-image-preview:large, max-video-preview:-1\" \/>\n<link rel=\"canonical\" href=\"https:\/\/robotpiscinakaptur.clak.it\/prodotto\/robot-piscina-dolphin-pro-x7\/\" \/>\n<meta property=\"og:locale\" content=\"it_IT\" \/>\n<meta property=\"og:type\" content=\"article\" \/>\n<meta property=\"og:title\" content=\"robot-piscina-dolphin-pro-x\" \/>\n<meta property=\"og:description\" content=\"Il robot pulitore per piscine pubbliche fino a 30 metri con il rivoluzionario sistema di autoapprendimento facile da usare e semplice da pulire.\" \/>\n<meta property=\"og:url\" content=\"https:\/\/robotpiscinakaptur.clak.it\/prodotto\/robot-piscina-dolphin-pro-x7\/\" \/>\n<meta property=\"og:site_name\" content=\"Robot Dolphin Kaptur\" \/>\n<meta property=\"article:modified_time\" content=\"2024-02-22T19:40:15+00:00\" \/>\n<meta property=\"og:image\" content=\"https:\/\/robotpiscinakaptur.clak.it\/wp-content\/uploads\/2021\/02\/dolphin-prox7.jpg\" \/>\n\t<meta property=\"og:image:width\" content=\"500\" \/>\n\t<meta property=\"og:image:height\" content=\"375\" \/>\n\t<meta property=\"og:image:type\" content=\"image\/jpeg\" \/>\n<meta name=\"twitter:card\" content=\"summary_large_image\" \/>\n<meta name=\"twitter:label1\" content=\"Tempo di lettura stimato\" \/>\n\t<meta name=\"twitter:data1\" content=\"1 minuto\" \/>\n<script type=\"application\/ld+json\" class=\"yoast-schema-graph\">{\"@context\":\"https:\\\/\\\/schema.org\",\"@graph\":[{\"@type\":\"WebPage\",\"@id\":\"https:\\\/\\\/robotpiscinakaptur.clak.it\\\/prodotto\\\/robot-piscina-dolphin-pro-x7\\\/\",\"url\":\"https:\\\/\\\/robotpiscinakaptur.clak.it\\\/prodotto\\\/robot-piscina-dolphin-pro-x7\\\/\",\"name\":\"robot-piscina-dolphin-pro-x\",\"isPartOf\":{\"@id\":\"https:\\\/\\\/robotpiscinakaptur.clak.it\\\/#website\"},\"primaryImageOfPage\":{\"@id\":\"https:\\\/\\\/robotpiscinakaptur.clak.it\\\/prodotto\\\/robot-piscina-dolphin-pro-x7\\\/#primaryimage\"},\"image\":{\"@id\":\"https:\\\/\\\/robotpiscinakaptur.clak.it\\\/prodotto\\\/robot-piscina-dolphin-pro-x7\\\/#primaryimage\"},\"thumbnailUrl\":\"https:\\\/\\\/robotpiscinakaptur.clak.it\\\/wp-content\\\/uploads\\\/2021\\\/02\\\/dolphin-prox7.jpg\",\"datePublished\":\"2021-02-23T07:38:21+00:00\",\"dateModified\":\"2024-02-22T19:40:15+00:00\",\"description\":\"Il robot pulitore per piscine pubbliche fino a 30 metri con il rivoluzionario sistema di autoapprendimento facile da usare e semplice da pulire.\",\"breadcrumb\":{\"@id\":\"https:\\\/\\\/robotpiscinakaptur.clak.it\\\/prodotto\\\/robot-piscina-dolphin-pro-x7\\\/#breadcrumb\"},\"inLanguage\":\"it-IT\",\"potentialAction\":[{\"@type\":\"ReadAction\",\"target\":[\"https:\\\/\\\/robotpiscinakaptur.clak.it\\\/prodotto\\\/robot-piscina-dolphin-pro-x7\\\/\"]}]},{\"@type\":\"ImageObject\",\"inLanguage\":\"it-IT\",\"@id\":\"https:\\\/\\\/robotpiscinakaptur.clak.it\\\/prodotto\\\/robot-piscina-dolphin-pro-x7\\\/#primaryimage\",\"url\":\"https:\\\/\\\/robotpiscinakaptur.clak.it\\\/wp-content\\\/uploads\\\/2021\\\/02\\\/dolphin-prox7.jpg\",\"contentUrl\":\"https:\\\/\\\/robotpiscinakaptur.clak.it\\\/wp-content\\\/uploads\\\/2021\\\/02\\\/dolphin-prox7.jpg\",\"width\":500,\"height\":375,\"caption\":\"dolphin-prox7\"},{\"@type\":\"BreadcrumbList\",\"@id\":\"https:\\\/\\\/robotpiscinakaptur.clak.it\\\/prodotto\\\/robot-piscina-dolphin-pro-x7\\\/#breadcrumb\",\"itemListElement\":[{\"@type\":\"ListItem\",\"position\":1,\"name\":\"Shop\",\"item\":\"https:\\\/\\\/robotpiscinakaptur.clak.it\\\/?page_id=206\"},{\"@type\":\"ListItem\",\"position\":2,\"name\":\"Robot per piscine pubbliche\",\"item\":\"https:\\\/\\\/robotpiscinakaptur.clak.it\\\/prodotti\\\/robot-per-piscine-pubbliche\\\/\"},{\"@type\":\"ListItem\",\"position\":3,\"name\":\"Robot piscina Dolphin PRO-X7\"}]},{\"@type\":\"WebSite\",\"@id\":\"https:\\\/\\\/robotpiscinakaptur.clak.it\\\/#website\",\"url\":\"https:\\\/\\\/robotpiscinakaptur.clak.it\\\/\",\"name\":\"Robot-Dolphin-Kaptur\",\"description\":\"Robot pulitori per piscine private e pubbliche\",\"publisher\":{\"@id\":\"https:\\\/\\\/robotpiscinakaptur.clak.it\\\/#organization\"},\"potentialAction\":[{\"@type\":\"SearchAction\",\"target\":{\"@type\":\"EntryPoint\",\"urlTemplate\":\"https:\\\/\\\/robotpiscinakaptur.clak.it\\\/?s={search_term_string}\"},\"query-input\":{\"@type\":\"PropertyValueSpecification\",\"valueRequired\":true,\"valueName\":\"search_term_string\"}}],\"inLanguage\":\"it-IT\"},{\"@type\":\"Organization\",\"@id\":\"https:\\\/\\\/robotpiscinakaptur.clak.it\\\/#organization\",\"name\":\"New Pool\",\"url\":\"https:\\\/\\\/robotpiscinakaptur.clak.it\\\/\",\"logo\":{\"@type\":\"ImageObject\",\"inLanguage\":\"it-IT\",\"@id\":\"https:\\\/\\\/robotpiscinakaptur.clak.it\\\/#\\\/schema\\\/logo\\\/image\\\/\",\"url\":\"https:\\\/\\\/robotpiscinakaptur.clak.it\\\/wp-content\\\/uploads\\\/2021\\\/02\\\/logo-newpool.svg\",\"contentUrl\":\"https:\\\/\\\/robotpiscinakaptur.clak.it\\\/wp-content\\\/uploads\\\/2021\\\/02\\\/logo-newpool.svg\",\"width\":1,\"height\":1,\"caption\":\"New Pool\"},\"image\":{\"@id\":\"https:\\\/\\\/robotpiscinakaptur.clak.it\\\/#\\\/schema\\\/logo\\\/image\\\/\"}}]}<\/script>\n<!-- \/ Yoast SEO plugin. -->","yoast_head_json":{"title":"robot-piscina-dolphin-pro-x","description":"Il robot pulitore per piscine pubbliche fino a 30 metri con il rivoluzionario sistema di autoapprendimento facile da usare e semplice da pulire.","robots":{"index":"index","follow":"follow","max-snippet":"max-snippet:-1","max-image-preview":"max-image-preview:large","max-video-preview":"max-video-preview:-1"},"canonical":"https:\/\/robotpiscinakaptur.clak.it\/prodotto\/robot-piscina-dolphin-pro-x7\/","og_locale":"it_IT","og_type":"article","og_title":"robot-piscina-dolphin-pro-x","og_description":"Il robot pulitore per piscine pubbliche fino a 30 metri con il rivoluzionario sistema di autoapprendimento facile da usare e semplice da pulire.","og_url":"https:\/\/robotpiscinakaptur.clak.it\/prodotto\/robot-piscina-dolphin-pro-x7\/","og_site_name":"Robot Dolphin Kaptur","article_modified_time":"2024-02-22T19:40:15+00:00","og_image":[{"width":500,"height":375,"url":"https:\/\/robotpiscinakaptur.clak.it\/wp-content\/uploads\/2021\/02\/dolphin-prox7.jpg","type":"image\/jpeg"}],"twitter_card":"summary_large_image","twitter_misc":{"Tempo di lettura stimato":"1 minuto"},"schema":{"@context":"https:\/\/schema.org","@graph":[{"@type":"WebPage","@id":"https:\/\/robotpiscinakaptur.clak.it\/prodotto\/robot-piscina-dolphin-pro-x7\/","url":"https:\/\/robotpiscinakaptur.clak.it\/prodotto\/robot-piscina-dolphin-pro-x7\/","name":"robot-piscina-dolphin-pro-x","isPartOf":{"@id":"https:\/\/robotpiscinakaptur.clak.it\/#website"},"primaryImageOfPage":{"@id":"https:\/\/robotpiscinakaptur.clak.it\/prodotto\/robot-piscina-dolphin-pro-x7\/#primaryimage"},"image":{"@id":"https:\/\/robotpiscinakaptur.clak.it\/prodotto\/robot-piscina-dolphin-pro-x7\/#primaryimage"},"thumbnailUrl":"https:\/\/robotpiscinakaptur.clak.it\/wp-content\/uploads\/2021\/02\/dolphin-prox7.jpg","datePublished":"2021-02-23T07:38:21+00:00","dateModified":"2024-02-22T19:40:15+00:00","description":"Il robot pulitore per piscine pubbliche fino a 30 metri con il rivoluzionario sistema di autoapprendimento facile da usare e semplice da pulire.","breadcrumb":{"@id":"https:\/\/robotpiscinakaptur.clak.it\/prodotto\/robot-piscina-dolphin-pro-x7\/#breadcrumb"},"inLanguage":"it-IT","potentialAction":[{"@type":"ReadAction","target":["https:\/\/robotpiscinakaptur.clak.it\/prodotto\/robot-piscina-dolphin-pro-x7\/"]}]},{"@type":"ImageObject","inLanguage":"it-IT","@id":"https:\/\/robotpiscinakaptur.clak.it\/prodotto\/robot-piscina-dolphin-pro-x7\/#primaryimage","url":"https:\/\/robotpiscinakaptur.clak.it\/wp-content\/uploads\/2021\/02\/dolphin-prox7.jpg","contentUrl":"https:\/\/robotpiscinakaptur.clak.it\/wp-content\/uploads\/2021\/02\/dolphin-prox7.jpg","width":500,"height":375,"caption":"dolphin-prox7"},{"@type":"BreadcrumbList","@id":"https:\/\/robotpiscinakaptur.clak.it\/prodotto\/robot-piscina-dolphin-pro-x7\/#breadcrumb","itemListElement":[{"@type":"ListItem","position":1,"name":"Shop","item":"https:\/\/robotpiscinakaptur.clak.it\/?page_id=206"},{"@type":"ListItem","position":2,"name":"Robot per piscine pubbliche","item":"https:\/\/robotpiscinakaptur.clak.it\/prodotti\/robot-per-piscine-pubbliche\/"},{"@type":"ListItem","position":3,"name":"Robot piscina Dolphin PRO-X7"}]},{"@type":"WebSite","@id":"https:\/\/robotpiscinakaptur.clak.it\/#website","url":"https:\/\/robotpiscinakaptur.clak.it\/","name":"Robot-Dolphin-Kaptur","description":"Robot pulitori per piscine private e pubbliche","publisher":{"@id":"https:\/\/robotpiscinakaptur.clak.it\/#organization"},"potentialAction":[{"@type":"SearchAction","target":{"@type":"EntryPoint","urlTemplate":"https:\/\/robotpiscinakaptur.clak.it\/?s={search_term_string}"},"query-input":{"@type":"PropertyValueSpecification","valueRequired":true,"valueName":"search_term_string"}}],"inLanguage":"it-IT"},{"@type":"Organization","@id":"https:\/\/robotpiscinakaptur.clak.it\/#organization","name":"New Pool","url":"https:\/\/robotpiscinakaptur.clak.it\/","logo":{"@type":"ImageObject","inLanguage":"it-IT","@id":"https:\/\/robotpiscinakaptur.clak.it\/#\/schema\/logo\/image\/","url":"https:\/\/robotpiscinakaptur.clak.it\/wp-content\/uploads\/2021\/02\/logo-newpool.svg","contentUrl":"https:\/\/robotpiscinakaptur.clak.it\/wp-content\/uploads\/2021\/02\/logo-newpool.svg","width":1,"height":1,"caption":"New Pool"},"image":{"@id":"https:\/\/robotpiscinakaptur.clak.it\/#\/schema\/logo\/image\/"}}]}},"_links":{"self":[{"href":"https:\/\/robotpiscinakaptur.clak.it\/index.php?rest_route=\/wp\/v2\/product\/336","targetHints":{"allow":["GET"]}}],"collection":[{"href":"https:\/\/robotpiscinakaptur.clak.it\/index.php?rest_route=\/wp\/v2\/product"}],"about":[{"href":"https:\/\/robotpiscinakaptur.clak.it\/index.php?rest_route=\/wp\/v2\/types\/product"}],"wp:featuredmedia":[{"embeddable":true,"href":"https:\/\/robotpiscinakaptur.clak.it\/index.php?rest_route=\/wp\/v2\/media\/415"}],"wp:attachment":[{"href":"https:\/\/robotpiscinakaptur.clak.it\/index.php?rest_route=%2Fwp%2Fv2%2Fmedia&parent=336"}],"wp:term":[{"taxonomy":"product_brand","embeddable":true,"href":"https:\/\/robotpiscinakaptur.clak.it\/index.php?rest_route=%2Fwp%2Fv2%2Fproduct_brand&post=336"},{"taxonomy":"product_cat","embeddable":true,"href":"https:\/\/robotpiscinakaptur.clak.it\/index.php?rest_route=%2Fwp%2Fv2%2Fproduct_cat&post=336"},{"taxonomy":"product_tag","embeddable":true,"href":"https:\/\/robotpiscinakaptur.clak.it\/index.php?rest_route=%2Fwp%2Fv2%2Fproduct_tag&post=336"}],"curies":[{"name":"wp","href":"https:\/\/api.w.org\/{rel}","templated":true}]}}